{"id":65660,"date":"2017-08-07T09:47:17","date_gmt":"2017-08-07T14:47:17","guid":{"rendered":"http:\/\/sp-technology.ca\/?post_type=product&#038;p=65660"},"modified":"2025-09-19T09:09:30","modified_gmt":"2025-09-19T14:09:30","slug":"fb7dg","status":"publish","type":"product","link":"https:\/\/sptechnology.ca\/en\/product\/fb7dg\/","title":{"rendered":"Facebook counter 7DG by Smiirl"},"content":{"rendered":"<p>[vc_row][vc_column][vc_column_text]<\/p>\n<div class=\"wpb_content_element vc_custom_1484602160870\">\n<div class=\"wpb_wrapper\">\n<div class=\"wpb_content_element vc_custom_1484595803019\">\n<p>[\/vc_column_text][\/vc_column][\/vc_row][vc_row css=&#8221;.vc_custom_1575782433318{background-color: #f7f7f7 !important;}&#8221;][vc_column][vc_row_inner type=&#8221;boxed&#8221; css=&#8221;.vc_custom_1576030160995{padding-right: 7% !important;padding-left: 7% !important;}&#8221;][vc_column_inner][vc_column_text]<\/p>\n<h3><span style=\"color: #575c39;\">Product description<\/span><\/h3>\n<p><span style=\"color: #454545;\">Smiirl\u2019s Real Time Counters are connected to your Facebook Business Page. They need to be plugged to a power source and are to be connected through Wi-Fi or an Ethernet port. Every time someone Likes your page, the Counters&#8217; flaps flip till they display the right amount of Likes, in real time!<\/span><\/p>\n<h3><span style=\"color: #575c39;\">Technical specs<\/span><\/h3>\n<p>[\/vc_column_text][\/vc_column_inner][\/vc_row_inner][vc_row_inner type=&#8221;boxed&#8221; css=&#8221;.vc_custom_1576030160995{padding-right: 7% !important;padding-left: 7% !important;}&#8221;][vc_column_inner width=&#8221;1\/3&#8243;][vc_column_text]<span style=\"color: #454545;\"><strong>INTERNET CONNECTION<br \/>\n<\/strong><br \/>\nCompatible with Wi-Fi 802. 11 b\/g\/n (2,4 GHz) \/ Ethernet RJ45 plug (cable not included)<br \/>\n<\/span>Compatible with smartphone shared data connection through Wi-Fi<br \/>\nCompatible with captive portal network<br \/>\nSecurity : Open\/WEP\/WPA WPA2-personal<br \/>\nStatic IP settings available<\/p>\n<p><strong>UNLIMITED &amp; FREE SERVICE<br \/>\n<\/strong><br \/>\nNo subscription fee.<br \/>\nChange the linked social media page from your personal dashboard anytime.<br \/>\nFree 5\/7 days support<\/p>\n<p><strong>COUNTER MATERIALS<br \/>\n<\/strong><br \/>\nLime wooden facade with matte protection varnish<br \/>\nTransparent polycarbonate glass<br \/>\nMatte finished case[\/vc_column_text][\/vc_column_inner][vc_column_inner width=&#8221;1\/3&#8243;][vc_column_text]<strong>HARDWARE &amp; SOFTWARE REQUIREMENTS<\/strong><\/p>\n<p>Computer or Smartphone for the setup<br \/>\nWi-Fi or Ethernet router and internet access<br \/>\nPower source 110V\/220V (power consumption 0.5W)<\/p>\n<p><strong>COUNTER UPDATE TIMES<br \/>\n<\/strong><br \/>\nReal Time = 2 &#8211; 10 seconds<br \/>\nOther settings available: 30 seconds, 1 minute, 2 minutes, 5 minutes, 15 minutes, 1 hour, 2 hours, 6 hours, 12 hours, 24 hours<br \/>\nSince 2013 our technical partnership with Facebook insures you the best service<\/p>\n<p><strong>REGULATORY STATEMENTS<\/strong><br \/>\nFCC &amp; CE[\/vc_column_text][\/vc_column_inner][vc_column_inner width=&#8221;1\/3&#8243;][vc_column_text]<strong>INCLUDED IN THE BOX<br \/>\n<\/strong><br \/>\nx1 Counter<br \/>\nx1 Counter guide + safety and warrant guide<br \/>\nx1 5V power adapter (cable length 2.5m\/98.4 in) with EU, AUS, USA, UK plugs<br \/>\nx1 microfiber cloth<\/p>\n<p><strong>SIZE &amp; WEIGHT<br \/>\n<\/strong><br \/>\nHeight: 10.5 cm &#8211; 4.1 in<br \/>\nLength: 42 cm &#8211; 16.5 in<br \/>\nWidth: 10.1 cm &#8211; 4 in<br \/>\nWeight: 2.1 kg &#8211; 4.3 lb<br \/>\nHooks spacing: 29.5 cm &#8211; 11.6 in[\/vc_column_text][\/vc_column_inner][\/vc_row_inner][\/vc_column][\/vc_row][vc_row][vc_column][vc_row_inner type=&#8221;boxed&#8221; css=&#8221;.vc_custom_1576031011031{margin-top: 2% !important;padding-right: 7% !important;padding-left: 7% !important;}&#8221;][vc_column_inner][vc_column_text]<\/p>\n<h2 style=\"text-align: center;\"><span style=\"color: #575c39;\">Our Counters are praised<br \/>\nby +30,000 businesses worldwide<a href=\"https:\/\/sptechnology.ca\/wp-content\/uploads\/2019\/12\/green-stroke.png\"><img loading=\"lazy\" decoding=\"async\" class=\"green-stroke wp-image-66906 aligncenter\" src=\"https:\/\/sptechnology.ca\/wp-content\/uploads\/2019\/12\/green-stroke.png\" alt=\"\" width=\"131\" height=\"39\" \/><\/a><br \/>\n<\/span><\/h2>\n<p>[\/vc_column_text][vc_column_text css_animation=&#8221;fadeInUp&#8221; css=&#8221;.vc_custom_1575782584025{margin-top: -3% !important;}&#8221;]<\/p>\n<p style=\"text-align: center;\">\n            <div \n                class=\"elfsight-widget-testimonials-slider elfsight-widget\" \n                data-elfsight-testimonials-slider-options=\"%7B%22template%22%3A%22tiledPostcard%22%2C%22layout%22%3A%22slider%22%2C%22sliderArrows%22%3Afalse%2C%22sliderDrag%22%3Atrue%2C%22sliderSpeed%22%3A0.6%2C%22sliderAutoplay%22%3A0%2C%22sliderPaginationType%22%3A%22classic%22%2C%22widgetTitle%22%3A%22%22%2C%22lang%22%3A%22en%22%2C%22items%22%3A%5B%7B%22text%22%3A%22Rien%20ne%20se%20perd%20%5Cu2013%20Saint-S%5Cu00e9v%5Cu00e8re%2C%20QC%22%2C%22name%22%3A%22%22%2C%22socialProfileUrl%22%3A%22%22%2C%22caption%22%3A%22%22%2C%22picture%22%3A%22https%3A%5C%2F%5C%2Fsptechnology.ca%5C%2Fwp-content%5C%2Fuploads%5C%2F2018%5C%2F04%5C%2FRien-ne-se-perd2.jpg%22%2C%22websiteUrl%22%3A%22%22%2C%22logo%22%3Anull%2C%22rating%22%3A5%2C%22contentDivider%22%3Anull%7D%2C%7B%22text%22%3A%22Les%20Bleuets%20du%20Vire-Cr%5Cu00eapes-%20L%5Cu00e9vis%2C%20QC%22%2C%22name%22%3A%22%22%2C%22socialProfileUrl%22%3A%22%22%2C%22caption%22%3A%22%22%2C%22picture%22%3A%22https%3A%5C%2F%5C%2Fsptechnology.ca%5C%2Fwp-content%5C%2Fuploads%5C%2F2018%5C%2F04%5C%2FCabaneaS.jpg%22%2C%22websiteUrl%22%3A%22%22%2C%22logo%22%3Anull%2C%22rating%22%3A5%2C%22contentDivider%22%3Anull%7D%2C%7B%22text%22%3A%22Grill%20N%20Go%20%5Cu2013%20Montr%5Cu00e9al%2C%20QC%22%2C%22name%22%3A%22%22%2C%22caption%22%3A%22%22%2C%22picture%22%3A%22https%3A%5C%2F%5C%2Fsptechnology.ca%5C%2Fwp-content%5C%2Fuploads%5C%2F2018%5C%2F04%5C%2Fgrillngo.jpg%22%2C%22logo%22%3Anull%2C%22rating%22%3A5%2C%22contentDivider%22%3Anull%2C%22socialProfileUrl%22%3A%22%22%2C%22websiteUrl%22%3A%22%22%7D%2C%7B%22text%22%3A%22Ford%20Fortier%20%5Cu2013%20Montr%5Cu00e9al%2C%26nbsp%3BQC%22%2C%22name%22%3A%22%22%2C%22socialProfileUrl%22%3A%22%22%2C%22caption%22%3A%22%22%2C%22picture%22%3A%22https%3A%5C%2F%5C%2Fsptechnology.ca%5C%2Fwp-content%5C%2Fuploads%5C%2F2018%5C%2F04%5C%2FFord_CompteurTesti.jpg%22%2C%22websiteUrl%22%3A%22%22%2C%22logo%22%3Anull%2C%22rating%22%3A5%2C%22contentDivider%22%3Anull%7D%2C%7B%22text%22%3A%22La%20graine%20br%5Cu00fbl%5Cu00e9e%20%5Cu2013%20Montr%5Cu00e9al%2C%20QC%22%2C%22name%22%3A%22%22%2C%22socialProfileUrl%22%3A%22%22%2C%22caption%22%3A%22%22%2C%22picture%22%3A%22https%3A%5C%2F%5C%2Fsptechnology.ca%5C%2Fwp-content%5C%2Fuploads%5C%2F2018%5C%2F04%5C%2Fgrainebrule%5Cu00e9.jpg%22%2C%22websiteUrl%22%3A%22%22%2C%22logo%22%3Anull%2C%22rating%22%3A5%2C%22contentDivider%22%3Anull%7D%2C%7B%22text%22%3A%22Boutique%20Vestibule%20%5Cu2013%20Montr%5Cu00e9al%2C%20QC%22%2C%22name%22%3A%22%22%2C%22socialProfileUrl%22%3A%22%22%2C%22caption%22%3A%22%22%2C%22picture%22%3A%22https%3A%5C%2F%5C%2Fsptechnology.ca%5C%2Fwp-content%5C%2Fuploads%5C%2F2018%5C%2F04%5C%2FCapture.jpg%22%2C%22websiteUrl%22%3A%22%22%2C%22logo%22%3Anull%2C%22rating%22%3A5%2C%22contentDivider%22%3Anull%7D%5D%2C%22textAlign%22%3A%22center%22%2C%22textView%22%3A%22short%22%2C%22testimonialTextColor%22%3A%22%22%2C%22backgroundColor%22%3A%22rgb%28255%2C%20255%2C%20255%29%22%2C%22authorNameColor%22%3A%22%22%2C%22captionColor%22%3A%22%22%2C%22starsColor%22%3A%22rgb%28123%2C%20207%2C%2058%29%22%2C%22widgetId%22%3A%221%22%7D\" \n                data-elfsight-testimonials-slider-version=\"1.4.3\"\n                data-elfsight-widget-id=\"elfsight-testimonials-slider-1\">\n            <\/div>\n<p>[\/vc_column_text][\/vc_column_inner][\/vc_row_inner][\/vc_column][\/vc_row][vc_row height=&#8221;400px&#8221; unlock_row=&#8221;&#8221; row_height_percent=&#8221;90&#8243; overlay_alpha=&#8221;50&#8243; gutter_size=&#8221;3&#8243; column_width_percent=&#8221;100&#8243; desktop_visibility=&#8221;yes&#8221; medium_visibility=&#8221;yes&#8221; shift_y=&#8221;0&#8243; z_index=&#8221;0&#8243; css=&#8221;.vc_custom_1576031030361{background: #ffffff url(https:\/\/sptechnology.ca\/wp-content\/uploads\/2019\/12\/Green-footer_500px.png?id=66879) !important;background-position: center !important;background-repeat: no-repeat !important;background-size: cover !important;}&#8221; el_class=&#8221;footer-bar&#8221; el_id=&#8221;footer-bar&#8221;][vc_column column_width_percent=&#8221;100&#8243; align_horizontal=&#8221;align_center&#8221; overlay_alpha=&#8221;50&#8243; gutter_size=&#8221;3&#8243; medium_width=&#8221;0&#8243; mobile_width=&#8221;0&#8243; shift_x=&#8221;0&#8243; shift_y=&#8221;0&#8243; shift_y_down=&#8221;0&#8243; z_index=&#8221;0&#8243;][vc_row_inner content_placement=&#8221;top&#8221; type=&#8221;boxed&#8221; css=&#8221;.vc_custom_1575781174141{margin-top: 12% !important;margin-bottom: -20% !important;padding-right: 3% !important;padding-left: 10% !important;}&#8221;][vc_column_inner width=&#8221;1\/3&#8243; offset=&#8221;vc_hidden-xs&#8221;][vc_single_image image=&#8221;66874&#8243; img_size=&#8221;full&#8221; css=&#8221;.vc_custom_1575777340639{margin-top: -5% !important;}&#8221;][\/vc_column_inner][vc_column_inner width=&#8221;1\/3&#8243; offset=&#8221;vc_hidden-xs&#8221;][vc_column_text]<strong><span style=\"color: #ffffff;\">100% secured payments<\/span><\/strong><\/p>\n<p><a href=\"http:\/\/sptechnology.ca\/wp-content\/uploads\/2017\/11\/visa_icon-e1511839406284.png\"><img loading=\"lazy\" decoding=\"async\" class=\"alignnone size-full wp-image-66014\" src=\"http:\/\/sptechnology.ca\/wp-content\/uploads\/2017\/11\/visa_icon-e1511839406284.png\" alt=\"\" width=\"50\" height=\"35\" \/><\/a><a href=\"http:\/\/sptechnology.ca\/wp-content\/uploads\/2017\/11\/mastercard_icon-e1511839470636.png\"> <img loading=\"lazy\" decoding=\"async\" class=\"alignnone size-full wp-image-66012\" src=\"http:\/\/sptechnology.ca\/wp-content\/uploads\/2017\/11\/mastercard_icon-e1511839470636.png\" alt=\"\" width=\"50\" height=\"35\" \/><\/a> <a href=\"http:\/\/sptechnology.ca\/wp-content\/uploads\/2017\/11\/amex_icon-e1511839438538.png\"><img loading=\"lazy\" decoding=\"async\" class=\"alignnone size-full wp-image-66011\" src=\"http:\/\/sptechnology.ca\/wp-content\/uploads\/2017\/11\/amex_icon-e1511839438538.png\" alt=\"\" width=\"50\" height=\"35\" \/>\u00a0 <img loading=\"lazy\" decoding=\"async\" class=\"alignnone wp-image-66017\" src=\"http:\/\/sptechnology.ca\/wp-content\/uploads\/2017\/11\/stripe.png\" alt=\"\" width=\"55\" height=\"22\" \/> <\/a><a href=\"http:\/\/sptechnology.ca\/wp-content\/uploads\/2017\/11\/PayPal-logo-e1511840949327.png\"><img loading=\"lazy\" decoding=\"async\" class=\"alignnone wp-image-66021\" src=\"http:\/\/sptechnology.ca\/wp-content\/uploads\/2017\/11\/PayPal-logo-300x73.png\" alt=\"\" width=\"91\" height=\"22\" \/><\/a>[\/vc_column_text][\/vc_column_inner][vc_column_inner width=&#8221;1\/3&#8243; offset=&#8221;vc_hidden-xs&#8221;][vc_column_text]<strong><span style=\"color: #ffffff;\">Follow us<\/span><\/strong>[\/vc_column_text]\n\t        <ul class=\"sk_social_icons_list left\">\n\n\t\t\t\t\n\t\t\t\t\t\t\t\t<li class=\"sk_social_icon default_icon\">\n\t\t\t\t\t\t\t\t\t<a class=\"sk_social_icon_link\" target=\"_blank\"\n\t\t\t\t\t\t\t\t\t\thref=\"http:\/\/facebook.com\/sptechnology1\">\n\t\t\t\t\t\t\t\t\t\t<svg\n\t\t\t\t\t\t\t\t\t\t\tclass=\"\"\n\t\t\t\t\t\t\t\t\t\t\txmlns=\"http:\/\/www.w3.org\/2000\/svg\" x=\"0px\" y=\"0px\"\n\t\t\t\t\t\t\t\t\t\t\twidth=\"24\" height=\"24\"\n\t\t\t\t\t\t\t\t\t\t\tviewBox=\"0 0 50 50\"\n\t\t\t\t\t\t\t\t\t\t\t>\n\t\t\t\t\t\t\t\t\t\t\t<path d=\"M32,11h5c0.552,0,1-0.448,1-1V3.263c0-0.524-0.403-0.96-0.925-0.997C35.484,2.153,32.376,2,30.141,2C24,2,20,5.68,20,12.368 V19h-7c-0.552,0-1,0.448-1,1v7c0,0.552,0.448,1,1,1h7v19c0,0.552,0.448,1,1,1h7c0.552,0,1-0.448,1-1V28h7.222 c0.51,0,0.938-0.383,0.994-0.89l0.778-7C38.06,19.518,37.596,19,37,19h-8v-5C29,12.343,30.343,11,32,11z\"><\/path>\n\t\t\t\t\t\t\t\t\t\t<\/svg>\n\t\t\t\t\t\t\t\t\t<\/a>\n\t\t\t\t\t\t\t\t<\/li>\n\n\t\t\t\t\t\t\t\t\n\t\t\t\t\t\t\t\t<li class=\"sk_social_icon default_icon\">\n\t\t\t\t\t\t\t\t\t<a class=\"sk_social_icon_link\" target=\"_blank\"\n\t\t\t\t\t\t\t\t\t\thref=\"http:\/\/instagram.com\/sp_technology\">\n\t\t\t\t\t\t\t\t\t\t<svg\n\t\t\t\t\t\t\t\t\t\t\tclass=\"\"\n\t\t\t\t\t\t\t\t\t\t\txmlns=\"http:\/\/www.w3.org\/2000\/svg\" x=\"0px\" y=\"0px\"\n\t\t\t\t\t\t\t\t\t\t\twidth=\"24\" height=\"24\"\n\t\t\t\t\t\t\t\t\t\t\tviewBox=\"0 0 50 50\"\n\t\t\t\t\t\t\t\t\t\t\t>\n\t\t\t\t\t\t\t\t\t\t\t<path d=\"M 16 3 C 8.83 3 3 8.83 3 16 L 3 34 C 3 41.17 8.83 47 16 47 L 34 47 C 41.17 47 47 41.17 47 34 L 47 16 C 47 8.83 41.17 3 34 3 L 16 3 z M 37 11 C 38.1 11 39 11.9 39 13 C 39 14.1 38.1 15 37 15 C 35.9 15 35 14.1 35 13 C 35 11.9 35.9 11 37 11 z M 25 14 C 31.07 14 36 18.93 36 25 C 36 31.07 31.07 36 25 36 C 18.93 36 14 31.07 14 25 C 14 18.93 18.93 14 25 14 z M 25 16 C 20.04 16 16 20.04 16 25 C 16 29.96 20.04 34 25 34 C 29.96 34 34 29.96 34 25 C 34 20.04 29.96 16 25 16 z\"><\/path>\n\t\t\t\t\t\t\t\t\t\t<\/svg>\n\t\t\t\t\t\t\t\t\t<\/a>\n\t\t\t\t\t\t\t\t<\/li>\n\n\t\t\t\t\t\t\t\t\n\t        <\/ul>\n\n\t\t    [\/vc_column_inner][\/vc_row_inner][vc_row_inner content_placement=&#8221;top&#8221; type=&#8221;boxed&#8221; css=&#8221;.vc_custom_1575781174141{margin-top: 12% !important;margin-bottom: -20% !important;padding-right: 3% !important;padding-left: 10% !important;}&#8221;][vc_column_inner offset=&#8221;vc_hidden-lg vc_hidden-md vc_hidden-sm&#8221;][vc_empty_space height=&#8221;62px&#8221;][vc_single_image image=&#8221;66874&#8243; img_size=&#8221;full&#8221; alignment=&#8221;center&#8221; css=&#8221;.vc_custom_1575821919283{margin-top: -5% !important;}&#8221;][vc_column_text]<\/p>\n<p style=\"text-align: center;\"><strong><span style=\"color: #ffffff;\">100% secured payments<\/span><\/strong><\/p>\n<p><a href=\"http:\/\/sptechnology.ca\/wp-content\/uploads\/2017\/11\/visa_icon-e1511839406284.png\"><img loading=\"lazy\" decoding=\"async\" class=\"alignnone size-full wp-image-66014\" src=\"http:\/\/sptechnology.ca\/wp-content\/uploads\/2017\/11\/visa_icon-e1511839406284.png\" alt=\"\" width=\"50\" height=\"35\" \/><\/a><a href=\"http:\/\/sptechnology.ca\/wp-content\/uploads\/2017\/11\/mastercard_icon-e1511839470636.png\"> <img loading=\"lazy\" decoding=\"async\" class=\"alignnone size-full wp-image-66012\" src=\"http:\/\/sptechnology.ca\/wp-content\/uploads\/2017\/11\/mastercard_icon-e1511839470636.png\" alt=\"\" width=\"50\" height=\"35\" \/><\/a> <a href=\"http:\/\/sptechnology.ca\/wp-content\/uploads\/2017\/11\/amex_icon-e1511839438538.png\"><img loading=\"lazy\" decoding=\"async\" class=\"alignnone size-full wp-image-66011\" src=\"http:\/\/sptechnology.ca\/wp-content\/uploads\/2017\/11\/amex_icon-e1511839438538.png\" alt=\"\" width=\"50\" height=\"35\" \/>\u00a0 <img loading=\"lazy\" decoding=\"async\" class=\"alignnone wp-image-66017\" src=\"http:\/\/sptechnology.ca\/wp-content\/uploads\/2017\/11\/stripe.png\" alt=\"\" width=\"55\" height=\"22\" \/> <\/a><a href=\"http:\/\/sptechnology.ca\/wp-content\/uploads\/2017\/11\/PayPal-logo-e1511840949327.png\"><img loading=\"lazy\" decoding=\"async\" class=\"alignnone wp-image-66021 aligncenter\" src=\"http:\/\/sptechnology.ca\/wp-content\/uploads\/2017\/11\/PayPal-logo-300x73.png\" alt=\"\" width=\"91\" height=\"22\" \/><\/a>[\/vc_column_text][vc_column_text]<strong><span style=\"color: #ffffff;\">Follow us<\/span><\/strong>[\/vc_column_text]\n\t        <ul class=\"sk_social_icons_list center\">\n\n\t\t\t\t\n\t\t\t\t\t\t\t\t<li class=\"sk_social_icon default_icon\">\n\t\t\t\t\t\t\t\t\t<a class=\"sk_social_icon_link\" target=\"_blank\"\n\t\t\t\t\t\t\t\t\t\thref=\"http:\/\/facebook.com\/sptechnology1\">\n\t\t\t\t\t\t\t\t\t\t<svg\n\t\t\t\t\t\t\t\t\t\t\tclass=\"\"\n\t\t\t\t\t\t\t\t\t\t\txmlns=\"http:\/\/www.w3.org\/2000\/svg\" x=\"0px\" y=\"0px\"\n\t\t\t\t\t\t\t\t\t\t\twidth=\"24\" height=\"24\"\n\t\t\t\t\t\t\t\t\t\t\tviewBox=\"0 0 50 50\"\n\t\t\t\t\t\t\t\t\t\t\t>\n\t\t\t\t\t\t\t\t\t\t\t<path d=\"M32,11h5c0.552,0,1-0.448,1-1V3.263c0-0.524-0.403-0.96-0.925-0.997C35.484,2.153,32.376,2,30.141,2C24,2,20,5.68,20,12.368 V19h-7c-0.552,0-1,0.448-1,1v7c0,0.552,0.448,1,1,1h7v19c0,0.552,0.448,1,1,1h7c0.552,0,1-0.448,1-1V28h7.222 c0.51,0,0.938-0.383,0.994-0.89l0.778-7C38.06,19.518,37.596,19,37,19h-8v-5C29,12.343,30.343,11,32,11z\"><\/path>\n\t\t\t\t\t\t\t\t\t\t<\/svg>\n\t\t\t\t\t\t\t\t\t<\/a>\n\t\t\t\t\t\t\t\t<\/li>\n\n\t\t\t\t\t\t\t\t\n\t\t\t\t\t\t\t\t<li class=\"sk_social_icon default_icon\">\n\t\t\t\t\t\t\t\t\t<a class=\"sk_social_icon_link\" target=\"_blank\"\n\t\t\t\t\t\t\t\t\t\thref=\"http:\/\/instagram.com\/sp_technology\">\n\t\t\t\t\t\t\t\t\t\t<svg\n\t\t\t\t\t\t\t\t\t\t\tclass=\"\"\n\t\t\t\t\t\t\t\t\t\t\txmlns=\"http:\/\/www.w3.org\/2000\/svg\" x=\"0px\" y=\"0px\"\n\t\t\t\t\t\t\t\t\t\t\twidth=\"24\" height=\"24\"\n\t\t\t\t\t\t\t\t\t\t\tviewBox=\"0 0 50 50\"\n\t\t\t\t\t\t\t\t\t\t\t>\n\t\t\t\t\t\t\t\t\t\t\t<path d=\"M 16 3 C 8.83 3 3 8.83 3 16 L 3 34 C 3 41.17 8.83 47 16 47 L 34 47 C 41.17 47 47 41.17 47 34 L 47 16 C 47 8.83 41.17 3 34 3 L 16 3 z M 37 11 C 38.1 11 39 11.9 39 13 C 39 14.1 38.1 15 37 15 C 35.9 15 35 14.1 35 13 C 35 11.9 35.9 11 37 11 z M 25 14 C 31.07 14 36 18.93 36 25 C 36 31.07 31.07 36 25 36 C 18.93 36 14 31.07 14 25 C 14 18.93 18.93 14 25 14 z M 25 16 C 20.04 16 16 20.04 16 25 C 16 29.96 20.04 34 25 34 C 29.96 34 34 29.96 34 25 C 34 20.04 29.96 16 25 16 z\"><\/path>\n\t\t\t\t\t\t\t\t\t\t<\/svg>\n\t\t\t\t\t\t\t\t\t<\/a>\n\t\t\t\t\t\t\t\t<\/li>\n\n\t\t\t\t\t\t\t\t\n\t        <\/ul>\n\n\t\t    [\/vc_column_inner][\/vc_row_inner][\/vc_column][\/vc_row]<\/p>\n<\/div>\n<\/div>\n<\/div>\n<p><\/p>","protected":false},"excerpt":{"rendered":"<div class=\"wpb_content_element vc_custom_1484602160870\">\n<div class=\"wpb_wrapper\">\n<h4><span style=\"color: #2e2e2e;\"><u>TAKE ADVANTAGE OF FREE SHIPPING!<\/u><\/span><\/h4>\n<h3><span style=\"color: #7a9612;\">The first social media connected counter<\/span><\/h3>\n<\/div>\n<\/div>\n<div class=\"wpb_content_element \">\n<div class=\"wpb_wrapper\">\n<p><span style=\"color: #2e2e2e;\">Don\u2019t wait any longer! Show your success in a simple, innovative and original way directly in your business establishment!<\/span><\/p>\n<\/div>\n<\/div>\n","protected":false},"featured_media":65667,"comment_status":"closed","ping_status":"closed","template":"","meta":{"_exactmetrics_skip_tracking":false,"_exactmetrics_sitenote_active":false,"_exactmetrics_sitenote_note":"","_exactmetrics_sitenote_category":0},"class_list":{"0":"post-65660","1":"product","2":"type-product","3":"status-publish","4":"has-post-thumbnail","6":"product_cat-non-classe","7":"product_shipping_class-livraison-gratuite","9":"first","10":"instock","11":"taxable","12":"shipping-taxable","13":"purchasable","14":"product-type-simple"},"yoast_head":"<!-- This site is optimized with the Yoast SEO plugin v14.0.4 - https:\/\/yoast.com\/wordpress\/plugins\/seo\/ -->\n<title>Facebook counter 7DG by Smiirl - S&amp;P Technology<\/title>\n<meta name=\"robots\" content=\"index, follow\" \/>\n<meta name=\"googlebot\" content=\"index, follow, max-snippet:-1, max-image-preview:large, max-video-preview:-1\" \/>\n<meta name=\"bingbot\" content=\"index, follow, max-snippet:-1, max-image-preview:large, max-video-preview:-1\" \/>\n<link rel=\"canonical\" href=\"https:\/\/sptechnology.ca\/produit\/fb7dg\/\" \/>\n<meta property=\"og:locale\" content=\"en_US\" \/>\n<meta property=\"og:type\" content=\"article\" \/>\n<meta property=\"og:title\" content=\"Facebook counter 7DG by Smiirl - S&amp;P Technology\" \/>\n<meta property=\"og:description\" content=\"[:fr]  PROFITEZ DE LA LIVRAISON GRATUITE D\u00e9couvrez les nouveaux compteurs connect\u00e9s      N\u2019attendez plus et affichez votre\u00a0succ\u00e8s au sein m\u00eame de votre \u00e9tablissement de mani\u00e8re simple, innovante et originale.   [:en]  TAKE ADVANTAGE OF FREE SHIPPING! The first social media connected counter      Don\u2019t wait any longer! Show your success in a simple, innovative and original way directly in your business establishment!   [:]\" \/>\n<meta property=\"og:url\" content=\"https:\/\/sptechnology.ca\/produit\/fb7dg\/\" \/>\n<meta property=\"og:site_name\" content=\"S&amp;P Technology\" \/>\n<meta property=\"article:publisher\" content=\"https:\/\/business.facebook.com\/sptechnology1\" \/>\n<meta property=\"article:modified_time\" content=\"2025-09-19T14:09:30+00:00\" \/>\n<meta property=\"og:image\" content=\"https:\/\/sptechnology.ca\/wp-content\/uploads\/2017\/08\/Screen-Shot-08-16-17-at-11.26-AM.png\" \/>\n\t<meta property=\"og:image:width\" content=\"627\" \/>\n\t<meta property=\"og:image:height\" content=\"627\" \/>\n<meta name=\"twitter:card\" content=\"summary_large_image\" \/>\n<script type=\"application\/ld+json\" class=\"yoast-schema-graph\">{\"@context\":\"https:\/\/schema.org\",\"@graph\":[{\"@type\":\"Organization\",\"@id\":\"https:\/\/sptechnology.ca\/en\/#organization\",\"name\":\"S&P Technology\",\"url\":\"https:\/\/sptechnology.ca\/en\/\",\"sameAs\":[\"https:\/\/business.facebook.com\/sptechnology1\",\"https:\/\/www.instagram.com\/sp_technology\/\"],\"logo\":{\"@type\":\"ImageObject\",\"@id\":\"https:\/\/sptechnology.ca\/en\/#logo\",\"inLanguage\":\"en-US\",\"url\":\"https:\/\/sptechnology.ca\/wp-content\/uploads\/2017\/08\/received_1467262543331201.png\",\"width\":2048,\"height\":1260,\"caption\":\"S&P Technology\"},\"image\":{\"@id\":\"https:\/\/sptechnology.ca\/en\/#logo\"}},{\"@type\":\"WebSite\",\"@id\":\"https:\/\/sptechnology.ca\/en\/#website\",\"url\":\"https:\/\/sptechnology.ca\/en\/\",\"name\":\"S&amp;P Technology\",\"description\":\"Smiirl distributor in Canada\",\"publisher\":{\"@id\":\"https:\/\/sptechnology.ca\/en\/#organization\"},\"potentialAction\":[{\"@type\":\"SearchAction\",\"target\":\"https:\/\/sptechnology.ca\/en\/?s={search_term_string}\",\"query-input\":\"required name=search_term_string\"}],\"inLanguage\":\"en-US\"},{\"@type\":\"ImageObject\",\"@id\":\"https:\/\/sptechnology.ca\/produit\/fb7dg\/#primaryimage\",\"inLanguage\":\"en-US\",\"url\":\"https:\/\/sptechnology.ca\/wp-content\/uploads\/2017\/08\/Screen-Shot-08-16-17-at-11.26-AM.png\",\"width\":627,\"height\":627},{\"@type\":\"WebPage\",\"@id\":\"https:\/\/sptechnology.ca\/produit\/fb7dg\/#webpage\",\"url\":\"https:\/\/sptechnology.ca\/produit\/fb7dg\/\",\"name\":\"Facebook counter 7DG by Smiirl - S&amp;P Technology\",\"isPartOf\":{\"@id\":\"https:\/\/sptechnology.ca\/en\/#website\"},\"primaryImageOfPage\":{\"@id\":\"https:\/\/sptechnology.ca\/produit\/fb7dg\/#primaryimage\"},\"datePublished\":\"2017-08-07T14:47:17+00:00\",\"dateModified\":\"2025-09-19T14:09:30+00:00\",\"inLanguage\":\"en-US\",\"potentialAction\":[{\"@type\":\"ReadAction\",\"target\":[\"https:\/\/sptechnology.ca\/produit\/fb7dg\/\"]}]}]}<\/script>\n<!-- \/ Yoast SEO plugin. -->","_links":{"self":[{"href":"https:\/\/sptechnology.ca\/en\/wp-json\/wp\/v2\/product\/65660","targetHints":{"allow":["GET"]}}],"collection":[{"href":"https:\/\/sptechnology.ca\/en\/wp-json\/wp\/v2\/product"}],"about":[{"href":"https:\/\/sptechnology.ca\/en\/wp-json\/wp\/v2\/types\/product"}],"replies":[{"embeddable":true,"href":"https:\/\/sptechnology.ca\/en\/wp-json\/wp\/v2\/comments?post=65660"}],"wp:featuredmedia":[{"embeddable":true,"href":"https:\/\/sptechnology.ca\/en\/wp-json\/wp\/v2\/media\/65667"}],"wp:attachment":[{"href":"https:\/\/sptechnology.ca\/en\/wp-json\/wp\/v2\/media?parent=65660"}],"curies":[{"name":"wp","href":"https:\/\/api.w.org\/{rel}","templated":true}]}}